{"id":76,"date":"2016-06-12T17:52:56","date_gmt":"2016-06-12T17:52:56","guid":{"rendered":"http:\/\/www.kauppa.influ-era.com\/blogi\/?post_type=product&#038;p=76"},"modified":"2023-10-10T20:31:41","modified_gmt":"2023-10-10T20:31:41","slug":"testi-tuote-muutosagentit","status":"publish","type":"product","link":"http:\/\/www.kauppa.influ-era.com\/blogi\/tuote\/testi-tuote-muutosagentit\/","title":{"rendered":"Muutoksen agentit (painos loppu)"},"content":{"rendered":"<p>Muutoksen agentit on tarkoitettu oppaaksi ja k\u00e4sikirjaksi niille, jotka ty\u00f6ss\u00e4\u00e4n ratkovat organisaation, ty\u00f6n tai henkil\u00f6st\u00f6n kehitt\u00e4misen kysymyksi\u00e4: konsulteille, kehitt\u00e4jille, valmentajille, henkil\u00f6st\u00f6johdolle, esimiehille, kaikille, jotka katsovat olevansa avainhenkil\u00f6j\u00e4 viem\u00e4\u00e4n muutosta eteenp\u00e4in. Kirja luo katsauksen organisaatioiden kehitt\u00e4mistoiminnan teoreettiseen puoleen ja tarjoaa my\u00f6s k\u00e4yt\u00e4nn\u00f6n ev\u00e4it\u00e4 muutoksen ohjaamiseen ja johtamiseen.<\/p>\n<p>Mik\u00e4 muutosagentin teht\u00e4v\u00e4 on organisaatiossa? H\u00e4n tukee ty\u00f6yhteis\u00f6\u00e4, henkil\u00f6st\u00f6\u00e4 ja johtoa kohtaamaan muutostilanteet ja niihin liittyv\u00e4n ep\u00e4varmuuden, innostaa ihmisi\u00e4 oppimaan uutta, kehittym\u00e4\u00e4n ja kehitt\u00e4m\u00e4\u00e4n. H\u00e4n ajattelee systemaattisesti ja auttaa ihmisi\u00e4 j\u00e4sent\u00e4m\u00e4\u00e4n organisaation kaaosta. Muutosagentti ei automaattisesti tied\u00e4 oikeita vastauksia, ei tee asioita toisten puolesta, ei m\u00e4\u00e4r\u00e4\u00e4 eik\u00e4 k\u00e4ske. Sek\u00e4 kehitt\u00e4j\u00e4t ett\u00e4 johto joutuvat omaksumaan uudenlaisia rooleja muutos- tai kehitysty\u00f6ss\u00e4. Kaiken t\u00e4m\u00e4n seurauksena muutosagentilta vaaditaan yh\u00e4 syv\u00e4llisemp\u00e4\u00e4 ty\u00f6- ja organisaatiok\u00e4ytt\u00e4ytymisen ymm\u00e4rt\u00e4mist\u00e4 ja tieto-taitoa.<\/p>\n<p>Kirjassa organisaation kehitt\u00e4mistoimintaa tarkastellaan j\u00e4rjestelm\u00e4llisesti sen eri tasoilla. N\u00e4k\u00f6kulmina ovat mm. strategioihin ja rakenteisiin, ty\u00f6yhteis\u00f6n sosiaaliseen vuorovaikutukseen, ty\u00f6toimintaan ja toimintaprosesseihin sek\u00e4 yksil\u00f6n toimintaan liittyv\u00e4t kysymykset.<\/p>\n<p>Kirjan tekij\u00e4, Henry Honkanen, ty\u00f6skentelee organisaatiopsykologina. H\u00e4n on lis\u00e4ksi toiminut monissa konsulttiorganisaatioissa henkil\u00f6arviointiin, koulutukseen, ty\u00f6yhteis\u00f6\u00f6n ja henkil\u00f6st\u00f6n kehitt\u00e4miseen sek\u00e4 esimies- ja konsulttivalmennukseen liittyviss\u00e4 teht\u00e4viss\u00e4. H\u00e4n on aiemmin kirjoittanut kirjan Organisaation ja ty\u00f6yhteis\u00f6n kehitt\u00e4minen sek\u00e4 toimittanut PERSONA GRATA -sarjassa aiemmin ilmestyneen teoksen Henkil\u00f6arviointi ty\u00f6el\u00e4m\u00e4ss\u00e4.<\/p>\n","protected":false},"excerpt":{"rendered":"<p>Henry Honkanen: Muutoksen agentit, muutoksen ohjaaminen ja johtaminen. Edita Publishing 2006.<br \/>\n432 sivua, sidottu, kovakantinen, ISBN: 951-37-4523-6<\/p>\n<p>Teoksen painos on loppuun myyty.<\/p>\n","protected":false},"featured_media":89,"comment_status":"closed","ping_status":"closed","template":"","meta":[],"product_brand":[],"product_cat":[16],"product_tag":[],"class_list":{"0":"post-76","1":"product","2":"type-product","3":"status-publish","4":"has-post-thumbnail","6":"product_cat-uncategorized","8":"first","9":"outofstock","10":"purchasable","11":"product-type-simple"},"_links":{"self":[{"href":"http:\/\/www.kauppa.influ-era.com\/blogi\/wp-json\/wp\/v2\/product\/76","targetHints":{"allow":["GET"]}}],"collection":[{"href":"http:\/\/www.kauppa.influ-era.com\/blogi\/wp-json\/wp\/v2\/product"}],"about":[{"href":"http:\/\/www.kauppa.influ-era.com\/blogi\/wp-json\/wp\/v2\/types\/product"}],"replies":[{"embeddable":true,"href":"http:\/\/www.kauppa.influ-era.com\/blogi\/wp-json\/wp\/v2\/comments?post=76"}],"wp:featuredmedia":[{"embeddable":true,"href":"http:\/\/www.kauppa.influ-era.com\/blogi\/wp-json\/wp\/v2\/media\/89"}],"wp:attachment":[{"href":"http:\/\/www.kauppa.influ-era.com\/blogi\/wp-json\/wp\/v2\/media?parent=76"}],"wp:term":[{"taxonomy":"product_brand","embeddable":true,"href":"http:\/\/www.kauppa.influ-era.com\/blogi\/wp-json\/wp\/v2\/product_brand?post=76"},{"taxonomy":"product_cat","embeddable":true,"href":"http:\/\/www.kauppa.influ-era.com\/blogi\/wp-json\/wp\/v2\/product_cat?post=76"},{"taxonomy":"product_tag","embeddable":true,"href":"http:\/\/www.kauppa.influ-era.com\/blogi\/wp-json\/wp\/v2\/product_tag?post=76"}],"curies":[{"name":"wp","href":"https:\/\/api.w.org\/{rel}","templated":true}]}}