{"id":203,"date":"2023-10-10T19:35:39","date_gmt":"2023-10-10T19:35:39","guid":{"rendered":"http:\/\/www.kauppa.influ-era.com\/blogi\/?post_type=product&#038;p=203"},"modified":"2025-04-20T13:48:38","modified_gmt":"2025-04-20T13:48:38","slug":"vaikuttamisen-psykologia","status":"publish","type":"product","link":"http:\/\/www.kauppa.influ-era.com\/blogi\/tuote\/vaikuttamisen-psykologia\/","title":{"rendered":"Vaikuttamisen psykologia (pehme\u00e4kantinen painos)"},"content":{"rendered":"<p>Vaikuttamisessa ja suostuttelussa kyse on mielen muuttamisesta \u2013 siit\u00e4, miten ihmiset saadaan ajattelemaan, valitsemaan ja toimimaan jollakin vaikuttajan toivomalla tavalla. Vaikuttamisen psykologia on oppi siit\u00e4, mihin t\u00e4llainen vaikuttaminen perustuu ja mill\u00e4 tavoin ihmisiin voi k\u00e4yt\u00e4nn\u00f6ss\u00e4 vaikuttaa. Kirjassa esitell\u00e4\u00e4n monipuolisesti niin vaikuttamistutkimuksen eri osa-alueita kuin vaikuttamisen k\u00e4yt\u00e4nn\u00f6n taktiikoita ja menetelmi\u00e4. Kirjassa vaikuttaminen n\u00e4hd\u00e4\u00e4n enemm\u00e4n hy\u00f6dyllisen\u00e4, prososiaalisena ja voimaannuttavana vuorovaikutuksen muotona kuin ihmisten yksipuolisena manipuloimisena ja hyv\u00e4ksik\u00e4ytt\u00e4misen\u00e4. Vaikuttamisen psykologia tarjoaa my\u00f6s v\u00e4lineit\u00e4 ei-toivottujen suostutteluyritysten torjumiseen. Kirjan mukaan mahdollisuus j\u00e4rkeen vetoamiseen on kuitenkin arjen vaikuttamisessa harvinaista herkkua. Toisaalta vaikuttamista voi tehd\u00e4 kahdella eri tavalla: henkil\u00f6kohtaisen vuorovaikutuksen (<em>personal influence<\/em>) tai vaikuttamismuotoilun (<em>influence design<\/em>) keinoin. Kirjassa nostetaankin esille design-ajattelua vaikuttamisen ja johtamisen uudenlaisena toimintamallina. Vaikuttamisen kyky on t\u00e4rke\u00e4\u00e4 esimerkiksi muutosty\u00f6n, johtamisen, viestinn\u00e4n, markkinoinnin, neuvottelu- ja sovitteluty\u00f6n, valmentamisen, koulutuksen, kansanterveyden, etuj\u00e4rjest\u00f6ty\u00f6n, toimintapolitiikkojen suunnittelun tai politiikan alueilla toimiville. Vaikuttamisen psykologian lis\u00e4ksi kirja on my\u00f6s oiva johdatus sosiaalipsykologian keskeisiin tutkimusalueisiin.<\/p>\n","protected":false},"excerpt":{"rendered":"<p><b>VAIKUTTAMISEN <\/b><b>PSYKOLOGIA<\/b><br \/>\n<b>Mielen<\/b> <b>muuttamisen<\/b> <b>tiede<\/b> <b>ja<\/b> <b>taito<\/b><br \/>\nHenry Honkanen<\/p>\n<p>Pehme\u00e4kantinen painos, ilmestynyt 6\/2023<br \/>\nAlkuper\u00e4inen painos 2\/2016<br \/>\n438 sivua, neliv\u00e4rinen.<br \/>\nISBN 9789529478989<br \/>\nHinta 35 \u20ac \u00a0(sis alv 14%)<\/p>\n","protected":false},"featured_media":49,"comment_status":"closed","ping_status":"closed","template":"","meta":[],"product_brand":[],"product_cat":[16],"product_tag":[],"class_list":{"0":"post-203","1":"product","2":"type-product","3":"status-publish","4":"has-post-thumbnail","6":"product_cat-uncategorized","8":"first","9":"instock","10":"taxable","11":"shipping-taxable","12":"purchasable","13":"product-type-simple"},"_links":{"self":[{"href":"http:\/\/www.kauppa.influ-era.com\/blogi\/wp-json\/wp\/v2\/product\/203","targetHints":{"allow":["GET"]}}],"collection":[{"href":"http:\/\/www.kauppa.influ-era.com\/blogi\/wp-json\/wp\/v2\/product"}],"about":[{"href":"http:\/\/www.kauppa.influ-era.com\/blogi\/wp-json\/wp\/v2\/types\/product"}],"replies":[{"embeddable":true,"href":"http:\/\/www.kauppa.influ-era.com\/blogi\/wp-json\/wp\/v2\/comments?post=203"}],"wp:featuredmedia":[{"embeddable":true,"href":"http:\/\/www.kauppa.influ-era.com\/blogi\/wp-json\/wp\/v2\/media\/49"}],"wp:attachment":[{"href":"http:\/\/www.kauppa.influ-era.com\/blogi\/wp-json\/wp\/v2\/media?parent=203"}],"wp:term":[{"taxonomy":"product_brand","embeddable":true,"href":"http:\/\/www.kauppa.influ-era.com\/blogi\/wp-json\/wp\/v2\/product_brand?post=203"},{"taxonomy":"product_cat","embeddable":true,"href":"http:\/\/www.kauppa.influ-era.com\/blogi\/wp-json\/wp\/v2\/product_cat?post=203"},{"taxonomy":"product_tag","embeddable":true,"href":"http:\/\/www.kauppa.influ-era.com\/blogi\/wp-json\/wp\/v2\/product_tag?post=203"}],"curies":[{"name":"wp","href":"https:\/\/api.w.org\/{rel}","templated":true}]}}