{"id":58,"date":"2016-06-05T17:04:30","date_gmt":"2016-06-05T17:04:30","guid":{"rendered":"http:\/\/www.kauppa.influ-era.com\/blogi\/?page_id=58"},"modified":"2019-07-21T08:24:51","modified_gmt":"2019-07-21T08:24:51","slug":"tilaus-ja-sopimusehdot","status":"publish","type":"page","link":"http:\/\/www.kauppa.influ-era.com\/blogi\/tilaus-ja-sopimusehdot\/","title":{"rendered":"Tilaus- ja sopimusehdot"},"content":{"rendered":"<p><strong>Toimitusehdot<\/strong><\/p>\n<p><strong>Voimassa 1.6.2019 alkaen<\/strong><\/p>\n<p><strong>VERKKOKAUPPA<\/strong><\/p>\n<p>Arena-Innovation Oy (y-tunnus: 0991378-9) myy tuotteita yhteis\u00f6ille\/yrityksille ja t\u00e4ysi-ik\u00e4isille yksityishenkil\u00f6ille Suomeen. Tuotteiden hinnat sis\u00e4lt\u00e4v\u00e4t arvonlis\u00e4veron. Pid\u00e4t\u00e4mme oikeuden hintojen ja toimituskulujen muutoksiin.<\/p>\n<p><strong>Tilaaminen<\/strong><\/p>\n<p>Tuotteita voit verkkokaupassa tilata seuraavilla kolmella eri tavalla:<\/p>\n<p>Tilaustapa 1: Kuluttaja-asiakkaat (yksityishenkil\u00f6t) postiennakolla osoitteesta <a href=\"http:\/\/www.influ-era.com\/tilaa-osta-kirja\/\">http:\/\/www.influ-era.com\/tilaa-osta-kirja\/<\/a>.<\/p>\n<p>Tilaustapa 2: Yhteis\u00f6\/yritys -asiakkaat laskulla osoitteesta <a href=\"http:\/\/www.influ-era.com\/tilaa-osta-kirja\/\">http:\/\/www.influ-era.com\/tilaa-osta-kirja\/<\/a>.<\/p>\n<p>Tilaustapa 3: Ennakkomaksulla osoitteen <a href=\"http:\/\/www.kauppa.influ-era.com\/blogi\/\">http:\/\/www.kauppa.influ-era.com\/blogi\/<\/a> ostoskorin kautta.<\/p>\n<p>Tuotteet tilataan verkkokaupan kotisivuilla 1) t\u00e4ytt\u00e4m\u00e4ll\u00e4 tilauskaavake (tilaustapa 1 ja 2) tai 2) siirt\u00e4m\u00e4ll\u00e4 ne ostoskoriin ja maksamalla ostoskorin sis\u00e4lt\u00f6 Kassapalvelussa (tilaustapa 3). Kaikki asiakastiedot k\u00e4sitell\u00e4\u00e4n luottamuksellisesti. Tilauksen yhteydess\u00e4 kysyttyj\u00e4 yhteystietoja ei k\u00e4ytet\u00e4 muuhun kuin tilauksen toimitukseen tai siin\u00e4 ilmenevien ep\u00e4selvyyksien selvitt\u00e4miseen, ellei erikseen toisin mainita. Tilatessasi verkkokaupasta sinun edellytet\u00e4\u00e4n tutustuneen ja sitoutuneen kulloinkin voimassa oleviin toimitusehtoihin.<\/p>\n<p>Tuotteita voi tilata n\u00e4ill\u00e4 ehdoilla ja hinnoilla vain Suomen alueelle toimitettavaksi. Jos olet tilaamassa tuotteita Suomen ulkopuolelle, tee t\u00e4st\u00e4 pyynt\u00f6 sivulla\u00a0<a href=\"http:\/\/www.influ-era.com\/tilaa-osta-kirja\/\">http:\/\/www.influ-era.com\/tilaa-osta-kirja\/<\/a> olevan tilauslomakkeen viestiruutuun tai l\u00e4hett\u00e4m\u00e4ll\u00e4 tiedustelu\/pyynt\u00f6 s-postitse osoitteeseen: info[at]influ-era.com. L\u00e4het\u00e4mme sitten sinulle tarjouksen, mill\u00e4 hinnoilla ja ehdoilla voimme toimittaa haluamiasi tuotteita.<\/p>\n<p><strong>Maksaminen ja maksutavat<\/strong><\/p>\n<p>Tuotteet ja niiden postikulut voidaan maksaa seuraavilla kolmella tavalla:<\/p>\n<p>1) <u>postiennakolla <\/u>(kuluttaja-asiakkaat eli yksityishenkil\u00f6t \/tilaustapa 1),<\/p>\n<p>2) <u>laskulla <\/u>(vain yritykset ja yhteis\u00f6t \/ tilaustapa 2) tai<\/p>\n<p>3) <u>ennakkomaksuna<\/u> tilauksen yhteydess\u00e4 PayPal -maksupalvelun kautta (sek\u00e4 kuluttaja-asiakkaat ett\u00e4 yritykset ja yhteis\u00f6t \/ tilaustapa 3).<\/p>\n<p>Ennakkomaksuista huolehtii PayPal -palvelu, jossa voi tilaukset voi maksaa PayPal maksuportaalin kautta.<\/p>\n<p><em>PayPal -maksupalvelun ehdot l\u00f6yd\u00e4t t\u00e4\u00e4lt\u00e4:\u00a0<\/em><u><a href=\"https:\/\/www.paypal.com\/fi\/webapps\/mpp\/ua\/legalhub-full\"> https:\/\/www.paypal.com\/fi\/webapps\/mpp\/ua\/legalhub-full<\/a><\/u><\/p>\n<p><strong>Tilaus- ja maksuvahvistus<\/strong><\/p>\n<p>Kaikki tilaukset vahvistetaan s\u00e4hk\u00f6postilla, jossa ilmoitetaan tilauksen hinta, toimituskulut sek\u00e4 tilatut tuotteet. Tilausvahvistuksen saaminen edellytt\u00e4\u00e4 s\u00e4hk\u00f6postiosoitteen ilmoittamista tilauksen yhteydess\u00e4.<\/p>\n<p><strong>Toimitustavat, -kulut ja -aika<\/strong><\/p>\n<p>Tilauksesi toimituskulut n\u00e4et kunkin tuotteen esittelyn yhteydess\u00e4. Tilaus toimitetaan postitse postipakettina. Yleisimm\u00e4t toimitusaikamme Suomeen ovat tilauksesta ja toimitustavasta riippuen 3-7 p\u00e4iv\u00e4\u00e4. Emme vastaa ylivoimaisen esteen aiheuttamista viiv\u00e4stymisist\u00e4 tai viiv\u00e4stysten aiheuttamista v\u00e4lillisist\u00e4 haitoista. Poikkeavista toimitusajoista tiedotetaan verkkokaupan etusivulla.<\/p>\n<p><strong>Peruutusoikeus ja palautusehdot<\/strong><\/p>\n<p><u>Kuluttaja-asiakkailla<\/u> on kuluttajansuojalain mukainen oikeus peruuttaa tilauksesi 14 vuorokauden kuluessa tilauksen vastaanottamisesta.<\/p>\n<p>Peruutusilmoitukseen sinun tulee merkit\u00e4 nimesi, osoitteesi, tilausp\u00e4iv\u00e4, tuote ja se tulee l\u00e4hett\u00e4\u00e4 s\u00e4hk\u00f6postilla osoitteeseen <u>info[at]influ-era.com<\/u> tai postitse alla olevaan palautusosoitteeseen.<\/p>\n<p>Tuote tulee palauttaa postitse 14 p\u00e4iv\u00e4n kuluessa peruutusilmoituksesta alkuper\u00e4iskunnossa ja alkuper\u00e4ispakkauksessa. Palautuskustannukset ovat asiakkaan vastuulla. Liit\u00e4 kopio peruutusilmoituksesta tuotepalautuksen yhteyteen. Mik\u00e4li tuotetta on k\u00e4ytetty, pid\u00e4t\u00e4mme oikeuden laskuttaa arvonalennuksesta.<\/p>\n<p>Palautamme maksamasi summan kokonaisuudessaan 30 p\u00e4iv\u00e4n kuluessa peruutusilmoituksen saapumisesta, mik\u00e4li tuote on palautettu tai se on todistettavasti annettu postin kuljetettavaksi palautusosoitteeseen.<\/p>\n<p><strong>Palautusosoite<\/strong><\/p>\n<p>Arena-Innovation Oy, Influ Era -julkaisut<br \/>\nPL 615, 00101 Helsinki.<\/p>\n<p><strong>Lunastamaton paketti<\/strong><\/p>\n<p><strong>\u00a0<\/strong>Lunastamatta j\u00e4tt\u00e4minen ei ole sama asia kuin palautus tai peruutus. Lunastamatta j\u00e4tetyst\u00e4 paketista, josta ei ole tehty erillist\u00e4 peruutusilmoitusta, perimme 10 euron maksun.<\/p>\n<p><strong>Ongelmatilanteet<\/strong><\/p>\n<p>Mik\u00e4li tuote on kadonnut tai vioittunut kuljetuksen aikana tai se ei muuten vastaa tilaustasi, tulee sinun ilmoittaa virheest\u00e4 viimeist\u00e4\u00e4n 14 p\u00e4iv\u00e4n kuluessa kirjallisesti Peruutusoikeus ja palautusehdot -kohdassa mainittuun osoitteeseen tai soittamalla yhteystiedoissa mainittuun puhelinnumeroon. Jos paketti on vioittunut Postissa, on tuotteesta teht\u00e4v\u00e4 v\u00e4litt\u00f6m\u00e4sti reklamaatio Postiin.<\/p>\n<p><strong>YHTEYSTIEDOT<\/strong><\/p>\n<p><strong>Arena-Innovation Oy<\/strong><br \/>\nInflu Era -julkaisut<br \/>\nPL 615, 00101 Helsinki<br \/>\ninfo[at]influ-era.com<br \/>\npuh 0208 331 131<br \/>\nwww.influ-era.com<\/p>\n","protected":false},"excerpt":{"rendered":"<p>Toimitusehdot Voimassa 1.6.2019 alkaen VERKKOKAUPPA Arena-Innovation Oy (y-tunnus: 0991378-9) myy tuotteita yhteis\u00f6ille\/yrityksille ja t\u00e4ysi-ik\u00e4isille yksityishenkil\u00f6ille Suomeen. Tuotteiden hinnat sis\u00e4lt\u00e4v\u00e4t arvonlis\u00e4veron. Pid\u00e4t\u00e4mme oikeuden hintojen ja toimituskulujen muutoksiin. Tilaaminen Tuotteita voit verkkokaupassa tilata seuraavilla kolmella eri tavalla: Tilaustapa 1: Kuluttaja-asiakkaat (yksityishenkil\u00f6t) postiennakolla osoitteesta http:\/\/www.influ-era.com\/tilaa-osta-kirja\/. Tilaustapa 2: Yhteis\u00f6\/yritys -asiakkaat laskulla osoitteesta http:\/\/www.influ-era.com\/tilaa-osta-kirja\/. Tilaustapa 3: Ennakkomaksulla osoitteen http:\/\/www.kauppa.influ-era.com\/blogi\/ ostoskorin [&hellip;]<\/p>\n","protected":false},"author":1,"featured_media":0,"parent":0,"menu_order":4,"comment_status":"closed","ping_status":"closed","template":"","meta":{"footnotes":""},"class_list":["post-58","page","type-page","status-publish","hentry"],"_links":{"self":[{"href":"http:\/\/www.kauppa.influ-era.com\/blogi\/wp-json\/wp\/v2\/pages\/58","targetHints":{"allow":["GET"]}}],"collection":[{"href":"http:\/\/www.kauppa.influ-era.com\/blogi\/wp-json\/wp\/v2\/pages"}],"about":[{"href":"http:\/\/www.kauppa.influ-era.com\/blogi\/wp-json\/wp\/v2\/types\/page"}],"author":[{"embeddable":true,"href":"http:\/\/www.kauppa.influ-era.com\/blogi\/wp-json\/wp\/v2\/users\/1"}],"replies":[{"embeddable":true,"href":"http:\/\/www.kauppa.influ-era.com\/blogi\/wp-json\/wp\/v2\/comments?post=58"}],"version-history":[{"count":1,"href":"http:\/\/www.kauppa.influ-era.com\/blogi\/wp-json\/wp\/v2\/pages\/58\/revisions"}],"predecessor-version":[{"id":159,"href":"http:\/\/www.kauppa.influ-era.com\/blogi\/wp-json\/wp\/v2\/pages\/58\/revisions\/159"}],"wp:attachment":[{"href":"http:\/\/www.kauppa.influ-era.com\/blogi\/wp-json\/wp\/v2\/media?parent=58"}],"curies":[{"name":"wp","href":"https:\/\/api.w.org\/{rel}","templated":true}]}}